{"id":4356,"date":"2026-03-20T08:57:05","date_gmt":"2026-03-20T06:57:05","guid":{"rendered":"https:\/\/sawmill.lv\/?post_type=product&#038;p=4356"},"modified":"2026-03-20T09:15:58","modified_gmt":"2026-03-20T07:15:58","slug":"__trashed-3","status":"publish","type":"product","link":"https:\/\/sawmill.lv\/en\/p\/__trashed-3\/","title":{"rendered":"Pellet press B\u00fchler IDC000133"},"content":{"rendered":"<p>Pellet press B\u00fchler<\/p>\n<p>Available: 4 pcs<\/p>\n<ul>\n<li>Manufacturer: B\u00fchler<\/li>\n<li>Model: RPWPR 900.138 EX<\/li>\n<li>Press- B\u00fchler 3-4 tons per hour<\/li>\n<\/ul>\n<p>Price for 1 pc<\/p>\n","protected":false},"excerpt":{"rendered":"<p>Pellet press B\u00fchler Available: 4 pcs Manufacturer: B\u00fchler Model: RPWPR 900.138 EX Press- B\u00fchler 3-4 tons per hour Price for 1 pc<\/p>\n","protected":false},"featured_media":2759,"comment_status":"closed","ping_status":"closed","template":"","meta":[],"product_brand":[],"product_cat":[88],"product_tag":[],"class_list":{"0":"post-4356","1":"product","2":"type-product","3":"status-publish","4":"has-post-thumbnail","6":"product_cat-pellet-production-lines","8":"first","9":"instock","10":"shipping-taxable","11":"purchasable","12":"product-type-simple"},"acf":[],"post_mailing_queue_ids":[],"_links":{"self":[{"href":"https:\/\/sawmill.lv\/en\/wp-json\/wp\/v2\/product\/4356","targetHints":{"allow":["GET"]}}],"collection":[{"href":"https:\/\/sawmill.lv\/en\/wp-json\/wp\/v2\/product"}],"about":[{"href":"https:\/\/sawmill.lv\/en\/wp-json\/wp\/v2\/types\/product"}],"replies":[{"embeddable":true,"href":"https:\/\/sawmill.lv\/en\/wp-json\/wp\/v2\/comments?post=4356"}],"wp:featuredmedia":[{"embeddable":true,"href":"https:\/\/sawmill.lv\/en\/wp-json\/wp\/v2\/media\/2759"}],"wp:attachment":[{"href":"https:\/\/sawmill.lv\/en\/wp-json\/wp\/v2\/media?parent=4356"}],"wp:term":[{"taxonomy":"product_brand","embeddable":true,"href":"https:\/\/sawmill.lv\/en\/wp-json\/wp\/v2\/product_brand?post=4356"},{"taxonomy":"product_cat","embeddable":true,"href":"https:\/\/sawmill.lv\/en\/wp-json\/wp\/v2\/product_cat?post=4356"},{"taxonomy":"product_tag","embeddable":true,"href":"https:\/\/sawmill.lv\/en\/wp-json\/wp\/v2\/product_tag?post=4356"}],"curies":[{"name":"wp","href":"https:\/\/api.w.org\/{rel}","templated":true}]}}